{"id":3,"date":"2021-05-31T11:45:28","date_gmt":"2021-05-31T11:45:28","guid":{"rendered":"http:\/\/www.chillinn.pl\/?page_id=3"},"modified":"2021-06-14T13:24:04","modified_gmt":"2021-06-14T13:24:04","slug":"polityka-prywatnosci","status":"publish","type":"page","link":"https:\/\/www.chillinn.pl\/en\/polityka-prywatnosci\/","title":{"rendered":"<p>Privacy policy<\/p>"},"content":{"rendered":"<div data-elementor-type=\"wp-page\" data-elementor-id=\"3\" class=\"elementor elementor-3\" data-elementor-settings=\"[]\">\n\t\t\t\t\t\t\t<div class=\"elementor-section-wrap\">\n\t\t\t\t\t\t\t<section class=\"elementor-section elementor-top-section elementor-element elementor-element-6187ce6 elementor-section-boxed elementor-section-height-default elementor-section-height-default\" data-id=\"6187ce6\" data-element_type=\"section\">\n\t\t\t\t\t\t<div class=\"elementor-container elementor-column-gap-default\">\n\t\t\t\t\t<div class=\"elementor-column elementor-col-100 elementor-top-column elementor-element elementor-element-a0154ec\" data-id=\"a0154ec\" data-element_type=\"column\">\n\t\t\t<div class=\"elementor-widget-wrap elementor-element-populated\">\n\t\t\t\t\t\t\t\t<div class=\"elementor-element elementor-element-aae310d elementor-widget elementor-widget-heading\" data-id=\"aae310d\" data-element_type=\"widget\" data-widget_type=\"heading.default\">\n\t\t\t\t<div class=\"elementor-widget-container\">\n\t\t\t<h4 class=\"elementor-heading-title elementor-size-default\">Privacy policy<\/h4>\t\t<\/div>\n\t\t\t\t<\/div>\n\t\t\t\t\t<\/div>\n\t\t<\/div>\n\t\t\t\t\t\t\t<\/div>\n\t\t<\/section>\n\t\t\t\t<section class=\"elementor-section elementor-top-section elementor-element elementor-element-06ed9a6 elementor-section-boxed elementor-section-height-default elementor-section-height-default\" data-id=\"06ed9a6\" data-element_type=\"section\">\n\t\t\t\t\t\t<div class=\"elementor-container elementor-column-gap-default\">\n\t\t\t\t\t<div class=\"elementor-column elementor-col-100 elementor-top-column elementor-element elementor-element-f2028f2\" data-id=\"f2028f2\" data-element_type=\"column\">\n\t\t\t<div class=\"elementor-widget-wrap elementor-element-populated\">\n\t\t\t\t\t\t\t\t<div class=\"elementor-element elementor-element-a25950a elementor-widget elementor-widget-text-editor\" data-id=\"a25950a\" data-element_type=\"widget\" data-widget_type=\"text-editor.default\">\n\t\t\t\t<div class=\"elementor-widget-container\">\n\t\t\t\t\t\t\t\t<p style=\"text-align: center;\"><strong>www.chillinn.pl<\/strong><\/p><p style=\"text-align: center;\"><br><strong>&sect; 1.<\/strong><br><strong>Postanowienia og&oacute;lne<\/strong><\/p><p><br>1. Niniejsza Polityka prywatno?ci okre?la zasady zbierania, przetwarzania i ochrony danych osobowych w zwi?zku z korzystaniem ze strony internetowej www.chillinn.pl.<br>2. Niniejszy dokument jest zgodny z postanowieniami Rozporz?dzenia Parlamentu Europejskiego i Rady (UE) 2016\/679 z dnia 27 kwietnia 2016 r. w sprawie ochrony os&oacute;b fizycznych w zwi?zku z przetwarzaniem danych osobowych i w sprawie swobodnego przep?ywu takich danych oraz uchylenia dyrektywy 95\/46\/WE (og&oacute;lne rozporz?dzenie o ochronie danych) (dalej jako RODO), ustawy z dnia 10 maja 2018 r. o ochronie danych osobowych (Dz.U. z 2018 r. poz. 1000), ustawy z dnia 18 lipca 2002 r. o ?wiadczeniu us?ug drog? elektroniczn? (Dz. U. z 2019r. poz. 123) oraz z innymi przepisami powszechnie obowi?zuj?cymi.<br>3. Administrator zapewnia, i? dok?ada wszelkich stara?, by Przetwarzanie Danych Osobowych przez niego odbywa?o si? z najwi?kszym poszanowaniem prywatno?ci os&oacute;b, kt&oacute;rych dane s? przetwarzane oraz z najwy?sz? dba?o?ci? o bezpiecze?stwo przetwarzanych Danych Osobowych, a w szczeg&oacute;lno?ci zapewnia, i? podj?? odpowiednie przewidziane prawem ?rodki zmierzaj?ce do zapewnienia bezpiecze?stwa Danych Osobowych.<br>4. Administrator o?wiadcza, i? stosuje ?rodki techniczne i organizacyjne zapewniaj?ce ochron? przetwarzanych Danych Osobowych odpowiedni? do zagro?e? oraz kategorii danych obj?tych ochron?, a w szczeg&oacute;lno?ci zabezpiecza dane przed ich udost?pnieniem osobom nieupowa?nionym, zabraniem przez osob? nieuprawnion?, przetwarzaniem z naruszeniem ustawy oraz zmian?, utrat?, uszkodzeniem lub zniszczeniem.<br>5. Akceptuj?c niniejsz? Polityk? prywatno?ci U?ytkownik wyra?a zgod? na zasady przetwarzania swoich Danych Osobowych w zwi?zku z korzystaniem z Serwisu, opisane w niniejszym dokumencie.<br>6. W przypadku jakichkolwiek w?tpliwo?ci lub wniosk&oacute;w Administrator zach?ca do<br>kontaktu poprzez wys?anie wiadomo?ci na adres e-mail:<br>hey@chillinn.pl lub poczt? wysy?aj?c list na adres siedziby Administratora.<\/p><p style=\"text-align: center;\"><br><strong>&sect; 2.<\/strong><br><strong>Definicje<\/strong><\/p><p><br>Ilekro? w Polityce Prywatno?ci mowa o:<br>1) Administratorze &ndash; rozumie si? przez to REVISIT HOME sp&oacute;?ka z ograniczon? odpowiedzialno?ci? Home REVYOU sp&oacute;?ka komandytowa z siedzib? w ?odzi przy ul. ?wirki 17 wpisana do Krajowego Rejestru S?dowego prowadzonego przez S?d Rejonowy dla ?odzi ?r&oacute;dmie?cia w ?odzi XX Wydzia? Krajowego Rejestru S?dowego pod nr 0000665157, NIP: 7252183995, Regon: 36662317000000, reprezentowan? przez Tomasz G&oacute;ra. Przez Administratora nale?y r&oacute;wnie? rozumie? Administratora Danych Osobowych (w rozumieniu przepis&oacute;w RODO);<br>2) Danych Osobowych &ndash; rozumie si? przez to dane osobowe w rozumieniu przepis&oacute;w<br>RODO, czyli s? to w szczeg&oacute;lno?ci podstawowe dane o U?ytkowniku umo?liwiaj?ce jego po?redni? lub bezpo?redni? identyfikacj?, m.in. imi?, nazwisko, adres, adres e-mail, numer telefonu, numer rachunku bankowego;<br>3) Oprogramowaniu ? rozumie si? przez to przegl?darki internetowe, z kt&oacute;rych mo?e korzysta? U?ytkownik, w celu korzystania z Serwisu. Przyk?adowymi przegl?darkami internetowymi s?: Opera, Chrome, Mozilla Firefox, Internet Explorer czy Safari;<br>4) Plikach Cookies (tzw. ciasteczkach) ? rozumie si? przez to dane informatyczne stanowi?ce, w szczeg&oacute;lno?ci pliki tekstowe, kt&oacute;re przechowywane s? w Urz?dzeniu U?ytkownika i przeznaczone s? do korzystania ze stron internetowych Serwisu;<br>5) Przetwarzaniu Danych Osobowych ? rozumie si? przez to operacj? lub zestaw operacji wykonywanych na danych osobowych lub zestawach danych osobowych w spos&oacute;b zautomatyzowany lub niezautomatyzowany, tak? jak zbieranie, utrwalanie, organizowanie, porz?dkowanie, przechowywanie, adaptowanie lub modyfikowanie, pobieranie, przegl?danie, wykorzystywanie, ujawnianie poprzez przes?anie, rozpowszechnianie lub innego rodzaju udost?pnianie, dopasowywanie lub ??czenie, ograniczanie, usuwanie lub niszczenie;<br>6) Regulaminie &ndash; rozumie si? przez to dokument, kt&oacute;ry okre?la rodzaje, zakres i warunki korzystania z Serwisu, a tak?e prawa i obowi?zki Administratora oraz U?ytkownik&oacute;w;<br>7) Serwisie ? rozumie si? przez to stron? internetow? dzia?aj?c? pod adresem: www.chillinn.pl;<br>8) Urz?dzeniu ? rozumie si? przez to elektroniczne Urz?dzenie za po?rednictwem, kt&oacute;rego U?ytkownik uzyskuje dost?p do Serwisu, a w szczeg&oacute;lno?ci: komputery<br>klasy PC, laptopy, tablety, smartphone&rsquo;y;<br>9) U?ytkowniku &ndash; rozumie si? przez to osob? fizyczn? lub prawn?, na rzecz kt&oacute;rej zgodnie z Regulaminem i przepisami prawa s? ?wiadczone us?ugi drog? elektroniczn? lub z kt&oacute;r? zawierana jest Umowa.<\/p><p style=\"text-align: center;\"><br>&sect; 3.<br>Przetwarzanie Danych Osobowych<\/p><p><br>1. Dane Osobowe U?ytkownik&oacute;w b?d? przetwarzane w celu ?wiadczenia us?ug i sprzeda?y produkt&oacute;w, w celach marketingowych oraz dla rozlicze? finansowych. Podstaw? prawn? przetwarzania danych b?d? odpowiednio:<br>1) Art. 6 ust. 1 lit. a RODO- Dane Osobowe s? przetwarzane na podstawie zgody udzielonej przez U?ytkownika, w szczeg&oacute;lno?ci w zakresie przesy?ania informacji handlowych lub marketingowych;<br>2) Art. 6 ust. 1 lit. b RODO- Dane Osobowe s? przetwarzane, gdy jest to konieczne do wykonania zawartej umowy o ?wiadczenie us?ug drog? elektroniczn?, wykonania umowy sprzeda?y zawartej na odleg?o?? oraz do podj?cia dzia?a? przed zawarciem umowy nast?puj?cych na ??danie osoby, kt&oacute;rej dane dotycz?.<br>3) Art. 6 ust. 1 lit. c RODO- Dane Osobowe w szczeg&oacute;lnych przypadkach s? przetwarzane w sytuacji, gdy jest to konieczne do wype?nienia obowi?zk&oacute;w prawnych ci???cych na Administratorze, a w szczeg&oacute;lno?ci obowi?zk&oacute;w odprowadzania sk?adek na ubezpieczenie spo?eczne oraz zaliczek na podatek dochodowy.<br>4) Art. 6 ust. 1 lit. f RODO- Dane Osobowe s? przetwarzane, je?li jest to niezb?dne do realizacji cel&oacute;w wynikaj?cych z prawnie uzasadnionych interes&oacute;w realizowanych przez Administratora lub podmiot trzeci, w szczeg&oacute;lno?ci takich jak kontakt U?ytkownika z Administratorem, marketing bezpo?redni w?asnych produkt&oacute;w lub us?ug, obrona przed roszczeniami lub ustalenie i dochodzenie roszcze? z tytu?u prowadzonej dzia?alno?ci gospodarczej czy ocena jako?ci us?ug. Dane osobowe mog? by? przetwarzane dla cel&oacute;w marketingu bezpo?redniego do momentu wniesienia sprzeciwu wobec takiego przetwarzania.<br>2. Podanie Danych Osobowych jest dobrowolne, lecz konieczne aby skontaktowa? si? z Administratorem oraz w celu zawarcia umowy z Administratorem.<br>3. Podanie dodatkowych Danych Osobowych mo?e by? wymagane w uzasadnionych okoliczno?ciach, w szczeg&oacute;lno?ci w przypadku skierowania do Administratora uzasadnionego wniosku o przekazanie danych uprawnionym podmiotom, o czym osoba, kt&oacute;rej dane dotycz?, ka?dorazowo zostanie poinformowana.<br>4. U?ytkownik mo?e wyrazi? tak?e odr?bne zgody na otrzymywanie informacji handlowych, reklamowych i marketingowych od Administratora. U?ytkownik w ka?dej chwili mo?e zrezygnowa? z ich otrzymywania.<br>5. Administrator przetwarza lub mo?e przetwarza? Dane Osobowe U?ytkownika, kt&oacute;re U?ytkownik podaje dobrowolnie sk?adaj?c zam&oacute;wienie, w szczeg&oacute;lno?ci s? to:<br>1) adres IP,<br>2) imi? i nazwisko;<br>3) adres e-mail;<br>4) numer telefonu;<br>5) adres.<br>6. Ponadto przetwarzane b?d? wszelkie Dane Osobowe przekazane w zwi?zku z kontaktem z Administratorem.<br>7. Administrator zgodnie z zasad? minimalizacji zawart? w art. 5 ust. 1 lit. c RODO zbiera jedynie dane niezb?dne i adekwatne do ?wiadczenia us?ugi.<br>8. Administrator przechowuje Dane Osobowe w bazie U?ytkownik&oacute;w w celu u?atwienia ?wiadczenia us?ug.<br>9. Odbiorcami Danych Osobowych s? osoby upowa?nione przez Administratora do przetwarzania danych, a w szczeg&oacute;lno?ci:<br>1) podmioty, kt&oacute;rym dane przekazywane s? na zasadzie powierzenia, o ile jest to konieczne dla prawid?owego zrealizowania us?ug (np. obs?uga IT, obs?uga ksi?gowo-rachunkowa);<br>2) klienci Administratora Danych Osobowych;<br>3) dostawcy Administratora Danych Osobowych, w szczeg&oacute;lno?ci podmioty ?wiadcz?ce us?ugi prawne czy informatyczne;<br>4) partnerzy Administrator&oacute;w Danych Osobowych zajmuj?cy si? pozyskiwaniem klient&oacute;w;<br>5) podmioty powi?zane z Administratorem Danych Osobowych kapita?owo lub osobowo;<br>6) podmioty zajmuj?ce si? dostarczaniem przesy?ek pocztowych\/kurierskich wymienione w Serwisie.<br>10. P?atno?ci U?ytkownik dokonuje za pomoc? po?rednika p?atniczego, kt&oacute;ry przetwarza Dane Osobowe U?ytkownika, a w szczeg&oacute;lno?ci imi?, nazwisko, adres, adres e-mail, numer rachunku bankowego. Administrator nie ponosi odpowiedzialno?ci za prawid?ow? obs?ug? p?atno?ci i przetwarzanie Danych Osobowych przez operator&oacute;w p?atno?ci oraz wystawc&oacute;w i akceptant&oacute;w kart kredytowych. Administrator zaleca zapoznanie si? z polityk? prywatno?ci po?rednika p?atniczego wskazanego w Serwisie.<br>11. Administrator o?wiadcza, ?e mo?e wykorzystywa? narz?dzia przeznaczone do<br>analizy ruchu w Serwisie, takie jak Google Analyticsoraz inne podobne.<br>12. Dane, o kt&oacute;rych mowa w ust. 11 powy?ej, Administrator wykorzystuje wy??cznie anonimowo w celach zwi?zanych z badaniem rynku i ruchu internetowego w Serwisie, w celach statystycznych, w szczeg&oacute;lno?ci dla oceny zainteresowania towarami oraz tre?ciami zamieszczanymi w Serwisie oraz ulepszaniem jego zawarto?ci oraz us?ug ?wiadczonych w jego ramach.<br>13. Administrator ma prawo udost?pnia? dane i informacje U?ytkownika w ramach prowadzonego post?powania uprawnionemu do tego organowi, np. prokuraturze lub s?dowi.<br>14. Dane Osobowe b?d? przechowywane nie d?u?ej ni? jest to wymagane przepisami prawa i nie d?u?ej ni? jest to niezb?dne do osi?gniecia celu przetwarzania, a ponadto nie d?u?ej ni? jest to konieczne w celu dochodzenia roszcze? a? do momentu ich przedawnienia. Dane osobowe b?d? przechowywane przez okres realizacji umowy oraz innych us?ug zgodnie z Regulaminem, jak r&oacute;wnie? do cel&oacute;w marketingowych. Po zrealizowaniu umowy dane zostan? zanonimizowane, za wyj?tkiem danych, kt&oacute;re Administrator b?dzie przechowywa? przez okres 5 lat od usuni?cia Konta dla cel&oacute;w rozpatrywania skarg oraz roszcze? zwi?zanych z korzystaniem z us?ug lub przez okres przedawnienia ewentualnych roszcze?. Po zako?czeniu stosunku U?ytkownika z Administratorem, Administrator nie b?dzie Przetwarza? Danych Osobowych U?ytkownika, z wyj?tkiem tych danych, kt&oacute;re s?:<br>1) niezb?dne do cel&oacute;w reklamy, badania rynku oraz zachowa? i preferencji U?ytkownika z przeznaczeniem wynik&oacute;w tych bada? na potrzeby polepszenia jako?ci us?ug ?wiadczonych przez Administratora;<br>2) niezb?dne do wyja?nienia okoliczno?ci niedozwolonego korzystania z Serwisu;<br>3) dopuszczone do przetwarzania na podstawie odr?bnych ustaw lub umowy.<br>15. Administrator przestrzega nast?puj?cych zasad przetwarzania Danych Osobowych:<br>1) wdra?a odpowiednie ?rodki techniczne i organizacyjne, aby przetwarzanie odbywa?o si? zgodnie z przepisami o ochronie danych osobowych i aby m&oacute;c to wykaza?;<br>2) utrwala zbierane Dane Osobowe wy??cznie na takich no?nikach informacji, kt&oacute;re s? zabezpieczone przed dost?pem os&oacute;b trzecich;<br>3) wykonuje nadz&oacute;r nad bezpiecze?stwem danych przez ca?y okres ich posiadania<br>w spos&oacute;b zapewniaj?cy w szczeg&oacute;lno?ci ochron? przed dost?pem os&oacute;b nieuprawnionych, uszkodzeniem, zniszczeniem lub utrat?;<br>4) przekazuje dane uprawnionym podmiotom wy??cznie na podstawie obowi?zuj?cych przepis&oacute;w prawa;<br>5) zachowuje poufno?? Danych Osobowych;<br>6) zapewnia osobom, kt&oacute;rych dane dotycz?, realizacj? ich praw wynikaj?cych z przepis&oacute;w prawa.<br>16. U?ytkownik, kt&oacute;rego Dane Osobowe s? przetwarzane, ma prawo ??da? od Administratora dost?pu do danych, jak r&oacute;wnie? ich sprostowania, usuni?cia, ograniczenia przetwarzania lub wniesienia sprzeciwu wobec przetwarzania, zgodnie z tre?ci? &sect; 5 niniejszej Polityki prywatno?ci.<\/p><p style=\"text-align: center;\"><br><strong>&sect; 4.<\/strong><br><strong>Pliki Cookies<\/strong><\/p><p><br>1. Administrator za po?rednictwem Serwisu wykorzystuje Pliki Cookies.<br>2. W ramach Serwisu stosowane s? w szczeg&oacute;lno?ci sta?e Pliki Cookies? s? to pliki przechowywane w Urz?dzeniu U?ytkownika przez okre?lony w parametrach Plik&oacute;w Cookies lub do czasu ich usuni?cia przez U?ytkownika.<br>3. W ramach Serwisu mog? by? stosowane wszystkie lub niekt&oacute;re z nast?puj?cych<br>rodzaj&oacute;w Plik&oacute;w Cookies:<br>1) ?niezb?dne?, kt&oacute;re umo?liwiaj? korzystanie z us?ug dost?pnych w ramach Serwisu,<br>2) ?wydajno?ciowe?, kt&oacute;re umo?liwiaj? zbieranie informacji o sposobie korzystania ze stron internetowych Serwisu;<br>3) ?funkcjonalne?, kt&oacute;re umo?liwiaj? zachowanie wybranych przez U?ytkownika ustawie? i personalizacj? interfejsu U?ytkownika, np. poprzez j?zyk, rozmiar czcionki, wygl?du strony internetowej;<br>4) ?reklamowe?, kt&oacute;re umo?liwiaj? dostarczenie U?ytkownikowi tre?ci reklamowych bardziej dostosowanych do ich zainteresowa?.<br>4. Pliki Cookies wymienione w ust. 2 i 3 niniejszego paragrafu wykorzystywane s? w celu:<br>1) dostosowania zawarto?ci Serwisu do preferencji U?ytkownika oraz optymalizacji korzystania z Serwisu; w szczeg&oacute;lno?ci umo?liwia to rozpoznanie i wy?wietlenie Serwisu na Urz?dzeniu U?ytkownika, dostosowan? do jego indywidualnych preferencji;<br>2) tworzenia statystyk, kt&oacute;re wspieraj? obserwacj? korzystania z Serwisu przez U?ytkownik&oacute;w, co wp?ywa na ulepszenie jego struktury i tre?ci.<br>5. Stosowane na stronie internetowej Serwisu rozwi?zania s? bezpieczne dla Urz?dze? U?ytkownik&oacute;w korzystaj?cych z tej strony.<\/p><p style=\"text-align: center;\"><br><strong>&sect; 5.<\/strong><br><strong>Prawa i obowi?zki U?ytkownik&oacute;w<\/strong><\/p><p><br>1. U?ytkownikowi przys?uguje prawo dost?pu do swoich Danych Osobowych oraz prawo do ich poprawiania w ka?dym czasie.<br>2. U?ytkownik ma mo?liwo?? wyboru w jakim zakresie i czasie chce korzysta? z Serwisu<br>i udost?pnia? informacje o sobie. Je?eli z jakich? wzgl?d&oacute;w U?ytkownik nie ?yczy sobie pozostawienia swoich Danych Osobowych w bazie U?ytkownik&oacute;w, to ma prawo do ??dania ich usuni?cia.<br>3. W przypadku Przetwarzania Danych Osobowych w celach marketingowych w oparciu<br>o udzielon? zgod?, osobie kt&oacute;rej Dane Osobowe dotycz?, przys?uguje prawo do cofni?cia zgody w ka?dym czasie i poprzez o?wiadczenie z?o?one w formie pisemnej<br>lub w formie wiadomo?ci e-mail na adres Administratora: hey@chillinn.pl. Cofni?cie zgody nie ma wp?ywu na zgodno?? z prawem Przetwarzania Danych Osobowych, kt&oacute;rego dokonano na podstawie zgody przed jej cofni?ciem.<br>4. U?ytkownikowi przys?uguje prawo do poprawiania, uzupe?niania, uaktualnienia, sprostowania oraz ??dania usuni?cia swoich Danych Osobowych.<br>5. U?ytkownikowi przys?uguje prawo wniesienia sprzeciwu co do przetwarzania Danych<br>Osobowych opartego na celach wynikaj?cych z prawnie uzasadnionych interes&oacute;w realizowanych przez Administratora lub przez stron? trzeci?. Administratorowi nie wolno ju? przetwarza? tych Danych Osobowych, chyba ?e wyka?e on istnienie wa?nych prawnie uzasadnionych podstaw do przetwarzania, nadrz?dnych wobec interes&oacute;w, praw i wolno?ci U?ytkownika, lub podstaw do ustalenia, dochodzenia lub obrony roszcze?.<br>6. W celu realizacji swoich praw, tj. poprawiania, uzupe?niania, uaktualnienia, sprostowania, usuni?cia oraz sprzeciwu wobec przetwarzania swoich Danych Osobowych, U?ytkownik powinien przes?a? stosowny wniosek na adres e-mail Administratora.<br>7. U?ytkownik ma prawo wniesienia skargi do Prezesa Urz?du Ochrony Danych Osobowych w sytuacji, kiedy Administrator nie b?dzie przetwarza? jego Danych Osobowych zgodnie z prawem.<br>8. U?ytkownik ma mo?liwo?? ograniczenia lub wy??czenia dost?pu Plik&oacute;w Cookies do swojego Urz?dzenia. W razie skorzystania z tej opcji korzystanie z Serwisu b?dzie mo?liwe, z wy??czeniem niekt&oacute;rych funkcjonalno?ci, kt&oacute;re wymagaj? Plik&oacute;w<br>Cookies.<br>9. U?ytkownik Serwisu mo?e dokona? w ka?dym czasie zmiany ustawie? dotycz?cych<br>Plik&oacute;w Cookies. Ustawienia te mog? zosta? zmienione w szczeg&oacute;lno?ci w taki<br>spos&oacute;b, aby blokowa? automatyczn? obs?ug? Plik&oacute;w Cookies w ustawieniach przegl?darki internetowej, b?d? informowa? o ich ka?dorazowym zamieszczeniu w Urz?dzeniu U?ytkownika Serwisu. Szczeg&oacute;?owe informacje o mo?liwo?ci i sposobach<br>obs?ugi Plik&oacute;w Cookiesdost?pne s? w ustawieniach Oprogramowania.<br>10. U?ytkownik mo?e w ka?dej chwili usun?? Pliki Cookies korzystaj?c z dost?pnych funkcji w przegl?darce internetowej, kt&oacute;rej u?ywa.<br>11. U?ytkownik Serwisu zobowi?zuje si? podawa? jedynie prawdziwe Dane Osobowe. Administrator nie odpowiada za wszelkie szkody spowodowane podaniem przez U?ytkownika nieprawdziwych lub b??dnych Danych Osobowych.<\/p><p style=\"text-align: center;\"><br><strong>&sect; 6.<\/strong><br><strong>Postanowienia ko?cowe<\/strong><\/p><p><br>1. W Serwisie mog? pojawia? si? linki do innych stron internetowych. Takie strony internetowe dzia?aj? niezale?nie od Administratora i nie s? w ?aden spos&oacute;b przez<br>niego nadzorowane. Strony te mog? posiada? w?asne polityki dotycz?ce prywatno?ci oraz regulaminy, z kt&oacute;rymi zalecamy si? zapozna?.<br>2. Pytania i zastrze?enia dotycz?ce niniejszej Polityki Prywatno?ci prosz? zg?asza? poprzez wiadomo?? wys?an? na adres e?mail: hey@chillinn.pl.<br>3. Administrator zastrzega sobie prawo zmiany niniejszej Polityki Prywatno?ci.<br>4. O wszelkich zmianach Polityki Prywatno?ci U?ytkownicy b?d? informowani z siedmiodniowym wyprzedzeniem na stronie g?&oacute;wnej Serwisu.<br>9<\/p>\t\t\t\t\t\t<\/div>\n\t\t\t\t<\/div>\n\t\t\t\t\t<\/div>\n\t\t<\/div>\n\t\t\t\t\t\t\t<\/div>\n\t\t<\/section>\n\t\t\t\t\t\t<\/div>\n\t\t\t\t\t<\/div>","protected":false},"excerpt":{"rendered":"<p>Polityka prywatno?ci www.chillinn.pl &sect; 1. Postanowienia og&oacute;lne 1. Niniejsza Polityka prywatno?ci okre?la zasady zbierania, przetwarzania i ochrony danych osobowych w zwi?zku z korzystaniem ze strony internetowej www.chillinn.pl. 2. Niniejszy dokument jest zgodny z postanowieniami Rozporz?dzenia Parlamentu Europejskiego i Rady (UE) 2016\/679 z dnia 27 kwietnia 2016 r. w sprawie ochrony os&oacute;b fizycznych w zwi?zku z [&hellip;]<\/p>","protected":false},"author":1,"featured_media":0,"parent":0,"menu_order":0,"comment_status":"closed","ping_status":"closed","template":"","meta":[],"yoast_head":"<!-- This site is optimized with the Yoast SEO plugin v16.6.1 - https:\/\/yoast.com\/wordpress\/plugins\/seo\/ -->\n<title>Polityka prywatno\u015bci - Chill Inn - Nowy Akademik Premium w centrum \u0141odzi<\/title>\n<meta name=\"robots\" content=\"index, follow, max-snippet:-1, max-image-preview:large, max-video-preview:-1\" \/>\n<link rel=\"canonical\" href=\"https:\/\/www.chillinn.pl\/en\/polityka-prywatnosci\/\" \/>\n<meta property=\"og:locale\" content=\"en_US\" \/>\n<meta property=\"og:type\" content=\"article\" \/>\n<meta property=\"og:title\" content=\"Polityka prywatno\u015bci - Chill Inn - Nowy Akademik Premium w centrum \u0141odzi\" \/>\n<meta property=\"og:description\" content=\"Polityka prywatno\u015bci www.chillinn.pl \u00a7 1. Postanowienia og\u00f3lne 1. Niniejsza Polityka prywatno\u015bci okre\u015bla zasady zbierania, przetwarzania i ochrony danych osobowych w zwi\u0105zku z korzystaniem ze strony internetowej www.chillinn.pl. 2. Niniejszy dokument jest zgodny z postanowieniami Rozporz\u0105dzenia Parlamentu Europejskiego i Rady (UE) 2016\/679 z dnia 27 kwietnia 2016 r. w sprawie ochrony os\u00f3b fizycznych w zwi\u0105zku z [&hellip;]\" \/>\n<meta property=\"og:url\" content=\"https:\/\/www.chillinn.pl\/en\/polityka-prywatnosci\/\" \/>\n<meta property=\"og:site_name\" content=\"Chill Inn - Nowy Akademik Premium w centrum \u0141odzi\" \/>\n<meta property=\"article:modified_time\" content=\"2021-06-14T13:24:04+00:00\" \/>\n<meta name=\"twitter:card\" content=\"summary_large_image\" \/>\n<meta name=\"twitter:label1\" content=\"Est. reading time\" \/>\n\t<meta name=\"twitter:data1\" content=\"13 minutes\" \/>\n<script type=\"application\/ld+json\" class=\"yoast-schema-graph\">{\"@context\":\"https:\/\/schema.org\",\"@graph\":[{\"@type\":\"WebSite\",\"@id\":\"https:\/\/www.chillinn.pl\/#website\",\"url\":\"https:\/\/www.chillinn.pl\/\",\"name\":\"Chill Inn - Nowy Akademik Premium w centrum \\u0141odzi\",\"description\":\"Zamieszkaj w centrum \\u017cycia towarzyskiego\",\"potentialAction\":[{\"@type\":\"SearchAction\",\"target\":{\"@type\":\"EntryPoint\",\"urlTemplate\":\"https:\/\/www.chillinn.pl\/?s={search_term_string}\"},\"query-input\":\"required name=search_term_string\"}],\"inLanguage\":\"en-US\"},{\"@type\":\"WebPage\",\"@id\":\"https:\/\/www.chillinn.pl\/polityka-prywatnosci\/#webpage\",\"url\":\"https:\/\/www.chillinn.pl\/polityka-prywatnosci\/\",\"name\":\"Polityka prywatno\\u015bci - Chill Inn - Nowy Akademik Premium w centrum \\u0141odzi\",\"isPartOf\":{\"@id\":\"https:\/\/www.chillinn.pl\/#website\"},\"datePublished\":\"2021-05-31T11:45:28+00:00\",\"dateModified\":\"2021-06-14T13:24:04+00:00\",\"breadcrumb\":{\"@id\":\"https:\/\/www.chillinn.pl\/polityka-prywatnosci\/#breadcrumb\"},\"inLanguage\":\"en-US\",\"potentialAction\":[{\"@type\":\"ReadAction\",\"target\":[\"https:\/\/www.chillinn.pl\/polityka-prywatnosci\/\"]}]},{\"@type\":\"BreadcrumbList\",\"@id\":\"https:\/\/www.chillinn.pl\/polityka-prywatnosci\/#breadcrumb\",\"itemListElement\":[{\"@type\":\"ListItem\",\"position\":1,\"name\":\"Strona g\\u0142\\u00f3wna\",\"item\":\"https:\/\/www.chillinn.pl\/\"},{\"@type\":\"ListItem\",\"position\":2,\"name\":\"Polityka prywatno\\u015bci\"}]}]}<\/script>\n<!-- \/ Yoast SEO plugin. -->","_links":{"self":[{"href":"https:\/\/www.chillinn.pl\/en\/wp-json\/wp\/v2\/pages\/3"}],"collection":[{"href":"https:\/\/www.chillinn.pl\/en\/wp-json\/wp\/v2\/pages"}],"about":[{"href":"https:\/\/www.chillinn.pl\/en\/wp-json\/wp\/v2\/types\/page"}],"author":[{"embeddable":true,"href":"https:\/\/www.chillinn.pl\/en\/wp-json\/wp\/v2\/users\/1"}],"replies":[{"embeddable":true,"href":"https:\/\/www.chillinn.pl\/en\/wp-json\/wp\/v2\/comments?post=3"}],"version-history":[{"count":15,"href":"https:\/\/www.chillinn.pl\/en\/wp-json\/wp\/v2\/pages\/3\/revisions"}],"predecessor-version":[{"id":451,"href":"https:\/\/www.chillinn.pl\/en\/wp-json\/wp\/v2\/pages\/3\/revisions\/451"}],"wp:attachment":[{"href":"https:\/\/www.chillinn.pl\/en\/wp-json\/wp\/v2\/media?parent=3"}],"curies":[{"name":"wp","href":"https:\/\/api.w.org\/{rel}","templated":true}]}}