{"id":707,"date":"2021-06-30T17:01:10","date_gmt":"2021-06-30T17:01:10","guid":{"rendered":"https:\/\/www.chillinn.pl\/?page_id=707"},"modified":"2021-07-21T09:31:33","modified_gmt":"2021-07-21T09:31:33","slug":"regulamin-chill-inn","status":"publish","type":"page","link":"https:\/\/www.chillinn.pl\/en\/regulamin-chill-inn\/","title":{"rendered":"<p>Regulamin \u015bwiadczenia us\u0142ug drog\u0105 elektroniczn\u0105<\/p>"},"content":{"rendered":"<div data-elementor-type=\"wp-page\" data-elementor-id=\"707\" class=\"elementor elementor-707\" data-elementor-settings=\"[]\">\n\t\t\t\t\t\t\t<div class=\"elementor-section-wrap\">\n\t\t\t\t\t\t\t<section class=\"elementor-section elementor-top-section elementor-element elementor-element-6187ce6 elementor-section-boxed elementor-section-height-default elementor-section-height-default\" data-id=\"6187ce6\" data-element_type=\"section\">\n\t\t\t\t\t\t<div class=\"elementor-container elementor-column-gap-default\">\n\t\t\t\t\t<div class=\"elementor-column elementor-col-100 elementor-top-column elementor-element elementor-element-a0154ec\" data-id=\"a0154ec\" data-element_type=\"column\">\n\t\t\t<div class=\"elementor-widget-wrap elementor-element-populated\">\n\t\t\t\t\t\t\t\t<div class=\"elementor-element elementor-element-cfcd3a9 elementor-widget elementor-widget-wp-widget-text\" data-id=\"cfcd3a9\" data-element_type=\"widget\" data-widget_type=\"wp-widget-text.default\">\n\t\t\t\t<div class=\"elementor-widget-container\">\n\t\t\t\t\t\t<div class=\"textwidget\"><p>REGULAMIN ?WIADCZENIA US?UG DROG? ELEKTRONICZN?<br>\nw ramach serwisu internetowego: www.chillinn.pl<\/p>\n<p>Revisit Home sp&oacute;?ka z ograniczon? odpowiedzialno?ci? sp&oacute;?ka komandytowa z siedzib? w<br>\n?odzi (kod pocztowy: 90-529), ul. Kpt. Pilota Franciszka ?wirki 17, zarejestrowan? w<br>\nKrajowym Rejestrze S?dowym pod numerem KRS: 0000665157, NIP: 7252183995<br>\nwprowadza niniejszy regulamin realizuj?c postanowienia ustawy z dnia 18 lipca 2002r. o<br>\n?wiadczeniu us?ug drog? elektroniczn? i zobowi?zuje si? do jego przestrzegania.<\/p>\n<p>&sect; 1<br>\nDEFINICJE<br>\nOkre?lenia u?yte w Regulaminie oznaczaj?:<br>\n? Akademik &ndash; nieruchomo?? o funkcji zamieszkania zbiorowego, zlokalizowana przy ul.<br>\n6 Sierpnia 70B w ?odzi.<br>\n? Regulamin &ndash; niniejszy regulamin ?wiadczenia us?ug drog? elektroniczn? w ramach<br>\nSerwisu.<br>\n? Serwis &ndash; serwis internetowy prowadzony przez Us?ugodawc?, dzia?aj?cy pod<br>\nadresem: www.chillinn.pl, z wykorzystaniem kt&oacute;rego Us?ugodawca ?wiadczy us?ugi<br>\nwymienione w niniejszym Regulaminie.<br>\n? Us?ugodawca &ndash; Revisit Home sp&oacute;?ka z ograniczon? odpowiedzialno?ci? sp&oacute;?ka<br>\nkomandytowa z siedzib? w ?odzi (kod pocztowy: 90-529), ul. Kpt. Pilota Franciszka<br>\n?wirki 17, zarejestrowan? w Krajowym Rejestrze S?dowym pod numerem KRS:<br>\n0000665157, NIP: 7252183995.<br>\n? Us?ugobiorca &ndash; osoba fizyczna korzystaj?ca z Serwisu prowadzonego przez<br>\nUs?ugodawc?. Umowa najmu mo?e by? zawarta wy??cznie z osob? fizyczn? maj?c?<br>\npe?n? zdolno?? do czynno?ci prawnych.<br>\n? Umowa najmu &ndash; umowa najmu pokoju w Akademiku zawierana przez Us?ugobiorc? z<br>\nUs?ugodawc? za po?rednictwem Serwisu.<br>\n? System rezerwacji &ndash; system internetowy za pomoc? kt&oacute;rego Us?ugobiorca ma<br>\nmo?liwo?ci zawarcia Umowy najmu za po?rednictwem Serwisu.<\/p>\n<p>&sect; 2<\/p>\n<p>POSTANOWIENIA OG&Oacute;LNE<\/p>\n<p>1. Administratorem Serwisu jest Us?ugodawca.<br>\n2. Tre?? Regulaminu jest udost?pniania ka?demu nieodp?atnie w formie umo?liwiaj?cej jego<br>\npobranie, utrwalenie i wydrukowanie.<br>\n3. W celu prawid?owego korzystania z Serwisu niezb?dny jest:<br>\na. dost?p do komputera lub urz?dzenia mobilnego,<\/p>\n<p>2<\/p>\n<p>b. system operacyjny Microsoft Windows XP lub wy?szy, Linux, OSX 10.4 lub wy?szy,<br>\nc. dost?p do Internetu,<br>\nd. przegl?darki internetowe: Internet Explorer w wersji 11.0, Mozilla Firefox, Chrome,<br>\ne. minimalna rozdzielczo?ci ekranu: 1280 x 720 pikseli,<br>\nf. w??czona obs?uga plik&oacute;w cookies.<br>\n4. Zamkni?cie przegl?darki Us?ugobiorcy mo?e spowodowa? usuni?cie danych przes?anych<br>\ndo Serwisu. Wszystkie ustawienia wp?ywaj?ce na podtrzymanie lub anulowanie sesji<br>\nznajduj? si? w przegl?darce Us?ugobiorcy.<br>\n5. Us?ugobiorca zobowi?zany jest do powstrzymywania si? od jakiejkolwiek aktywno?ci,<br>\nkt&oacute;ra mog?aby wp?yn?? na prawid?owe funkcjonowanie Serwisu, w tym w szczeg&oacute;lno?ci<br>\nod jakiegokolwiek ingerowania w zawarto?? Serwisu lub jego elementy techniczne. W<br>\nramach korzystania z Serwisu zakazane jest dostarczanie przez Us?ugobiorc&oacute;w tre?ci<br>\nbezprawnych, naruszaj?cych prawo lub dobre obyczaje.<br>\n6. Serwis wraz z udost?pnionymi w nim us?ugami ?wiadczonymi drog? elektroniczn?<br>\ndost?pny jest 7 dni w tygodniu, 24 godziny na dob?. Funkcjonowanie Serwisu wymaga<br>\ncyklicznego monitoringu technicznego i aktualizacji, co mo?e powodowa? czasowe i<br>\nkr&oacute;tkotrwa?e przerwy w dzia?aniu Serwisu.<br>\n7. Us?ugodawca zastrzega sobie prawo do:<br>\na. modyfikacji Serwisu, w szczeg&oacute;lno?ci zakresu oraz rodzaju us?ug i funkcjonalno?ci,<br>\nb. okresowych przerw technicznych niezb?dnych do modernizacji, konserwacji i<br>\nrozwijania Serwisu innych ni? opisane w ust. 6 powy?ej. Us?ugodawca informuje o<br>\ntych przerwach, zamieszczaj?c w Serwisie stosowny komunikat nie p&oacute;?niej ni? 24<br>\ngodziny przed planowan? przerw?.<br>\n8. Adresem e-mail do kontaktu z Us?ugodawc? jest: hey@chillinn.pl<\/p>\n<p>&sect; 3<br>\nUS?UGI<\/p>\n<p>1. Us?ugodawca ?wiadczy w Serwisie drog? elektroniczn? nast?puj?ce us?ugi:<br>\na. przegl?danie zawarto?ci Serwisu;<br>\nb. udost?pniania link&oacute;w do us?ug innych podmiot&oacute;w;<br>\nc. zawieranie Um&oacute;w najmu na odleg?o??.<br>\n2. Us?ugi ?wiadczone drog? elektroniczn? udost?pniane s? w Serwisie nieodp?atnie.<br>\n3. Umowa o ?wiadczenie us?ugi polegaj?cej na przegl?daniu zawarto?ci Serwisu zawierana<br>\njest na czas oznaczony i ulega rozwi?zaniu z chwil? zamkni?cia przez Us?ugobiorc? strony<br>\ninternetowej Serwisu.<br>\n4. Umowa o ?wiadczenie us?ugi polegaj?cej na udost?pnianiu link&oacute;w us?ug innych<br>\npodmiot&oacute;w (np. do profili w social media, m.in. Facebooka) jest zawierana na czas<br>\noznaczony i ulega rozwi?zaniu z chwil? naci?ni?cia przycisku z ikon? danego serwisu.<\/p>\n<p>&sect; 4<\/p>\n<p>3<\/p>\n<p>ZAWIERANIE UM&Oacute;W NAJMU NA ODLEG?O??<\/p>\n<p>1. Przepis&oacute;w ustawy z dnia 30 maja 2014 roku o prawach konsumenta nie stosuje si? do<br>\num&oacute;w dotycz?cych najmu pomieszcze? do cel&oacute;w mieszkalnych, z wyj?tkiem przepis&oacute;w<br>\nrozdzia?u 2, kt&oacute;re stosuje si?, je?eli odr?bne przepisy nie stanowi? inaczej.<br>\n2. Zawarcie Umowy najmu nast?puje poprzez dokonanie nast?puj?cych czynno?ci:<br>\na. Us?ugobiorca wchodzi na stron? internetow? Serwisu i za pomoc? Systemu<br>\nrezerwacji wprowadza nast?puj?ce informacje:<br>\n&ndash; dla ilu os&oacute;b chce zarezerwowa? pok&oacute;j,<br>\n&ndash; na jaki okres czasu,<br>\n&ndash; jakiej jest p?ci.<br>\nb. Po wprowadzeniu danych, o kt&oacute;rych mowa w lit. a, System rezerwacji wy?wietla<br>\ndost?pne pokoje.<br>\nc. Us?ugobiorca wybiera kategori? pokoju.<br>\nd. Us?ugobiorca wprowadza informacje wymagane przez System rezerwacji w<br>\nszczeg&oacute;lno?ci: imi? i nazwisko, adres zamieszkania, adres korespondencyjny, e-mail,<br>\nnr telefonu.<br>\ne. Us?ugobiorca zaznacza nast?puj?ce zgody:<br>\n&ndash; akceptacja regulaminu i Umowy najmu,<br>\n&ndash; zgoda na kontakt mailowy\/telefoniczny w sprawach zwi?zanych z rezerwacj?,<br>\n&ndash; akceptacja RODO.<br>\nf. Us?ugobiorca wybiera metod? p?atno?ci op?at wskazany w ust. 4.<br>\ng. Us?ugobiorca akceptuj? Umow? najmu przez klikni?cie przycisku ?AKCEPTUJ? I<br>\nZAWIERAM UMOW??.<br>\n3. Us?ugobiorca zobowi?zany jest do podania danych oznaczonych jako wymagane. Dane<br>\npodawane przez Us?ugobiorc? powinny by? aktualne i zgodne z prawd?.<br>\n4. Umowa najmu jest zawarta z chwil? jej akceptacji przez Us?ugobiorc? pod warunkiem<br>\nzawieszaj?cym zap?aty przez Us?ugobiorc? w terminie 5 dni od dnia zawarcia Umowy<br>\nnajmu:<br>\n&ndash; op?aty administracyjnej,<br>\n&ndash; kaucji,<br>\n&ndash; czynszu i op?aty eksploatacyjnej za pierwszy okres p?atno?ci.<br>\n5. Z chwil? spe?nienia si? warunku, o kt&oacute;rym mowa w ust. 4, Umowa najmu uzyskuje pe?ni?<br>\nskutk&oacute;w prawnych. W przypadku niespe?nienia tego warunku Umow? najmu uznaje si?<br>\nza niezawart?.<br>\n6. Po spe?nieniu warunku wskazanego w ust. 4 na adres e-mail Us?ugobiorcy zostanie<br>\nwys?any e-mail potwierdzaj?cy spe?nienie si? powy?szego warunku wraz Umow? najmu i<br>\nfaktur? VAT.<\/p>\n<p>&sect; 5<br>\nMETODY P?ATNO?CI<\/p>\n<p>4<\/p>\n<p>1. Us?ugodawca udost?pnia nast?puj?ce sposoby p?atno?ci:<\/p>\n<p>a. za po?rednictwem systemu p?atno?ci internetowych, obs?uguj?cego przelewy<br>\ninternetowe (Tpay) oraz p?atno?ci kartami p?atniczymi i kredytowymi (Elavon),<br>\nb. przelewem bankowym na rachunek bankowy Us?ugodawcy.<\/p>\n<p>2. P?atno?ci elektroniczne s? obs?ugiwane przez dostawc? us?ug p?atniczych. W przypadku<br>\nwyboru p?atno?ci za po?rednictwem serwisu p?atno?ci elektronicznych Us?ugobiorca<br>\nzostanie przeniesiony na stron? w?a?ciwego dostawcy w celu dokonania p?atno?ci, o<br>\nkt&oacute;rych mowa w &sect; 4 ust. 4.<\/p>\n<p>&sect; 6<br>\nPrzerwy Techniczne<\/p>\n<p>1. Us?ugodawca zastrzega, ?e w ramach funkcjonowania Serwisu mog? wyst?powa?<br>\nkr&oacute;tkotrwa?e przerwy techniczne w celu dokonania aktualizacji oprogramowania.<br>\n2. Informacje o planowanych przerwach technicznych i przewidywanym okresie ich<br>\ntrwania umieszczone s? na stronie internetowej Sklepu Internetowego.<\/p>\n<p>&sect; 7<br>\nReklamacje<\/p>\n<p>1. Reklamacje zwi?zane ze ?wiadczeniem Us?ug przez Us?ugodawc? Us?ugobiorca mo?e<br>\nsk?ada? na przyk?ad:<br>\na. pisemnie na adres: ul. Kpt. Pilota Franciszka ?wirki 17, 90-529 ?&oacute;d?;<br>\nb. drog? elektroniczn? przesy?aj?c wiadomo?? na adres: hey@chillinn.pl<br>\n2. Wskazane jest jednak, aby zg?oszenie reklamacji zawiera?o w szczeg&oacute;lno?ci: imi? i<br>\nnazwisko, adres poczty elektronicznej (adres e-mail), na kt&oacute;ry ma zosta? wys?ana<br>\nodpowied? na reklamacj?, je?li Us?ugobiorca ?yczy sobie otrzyma? odpowied? na<br>\nreklamacj? za po?rednictwem poczty elektronicznej, wskazanie przyczyny reklamacji,<br>\n??danie Us?ugobiorcy, a tak?e preferowany przez Us?ugobiorc? spos&oacute;b poinformowania o<br>\nsposobie rozpatrzenia reklamacji.<br>\n3. Reklamacje rozpatrywane b?d? przez Us?ugodawc? niezw?ocznie po ich otrzymaniu, nie<br>\np&oacute;?niej ni? w ci?gu 14 dni od dnia ich otrzymania przez Us?ugodawc?.<\/p>\n<p>&sect; 7<\/p>\n<p>Postanowienia ko?cowe<\/p>\n<p>5<\/p>\n<p>1. Us?ugodawca zastrzega sobie prawo do zmiany niniejszego Regulaminu z wa?nej<br>\nprzyczyny, jak? jest:<br>\na. konieczno?? dostosowania Regulaminu do przepis&oacute;w prawa maj?cych<br>\nbezpo?redni wp?yw na niniejszy Regulamin i skutkuj?cych konieczno?ci??<br>\nzmodyfikowania Regulaminu w celu zachowania zgodno?ci z prawem;<br>\nb. konieczno?? dostosowania Regulaminu do zalece??, nakaz&oacute;w, orzecze??,<br>\npostanowie?, interpretacji, wytycznych lub decyzji uprawnionych w?adz<br>\npublicznych;<br>\nc. rozbudowa lub zmiana funkcjonalno?ci Serwisu;<br>\nd. zmiana warunk&oacute;w technicznych ?wiadczenia us?ug drog? elektroniczn?;<br>\ne. konieczno?? usuni?cia niejasno?ci, b??d&oacute;w lub omy?ek pisarskich, kt&oacute;re<br>\newentualnie wyst?pi?yby w Regulaminie;<br>\nf. zmiana danych teleadresowych, nazw, numer&oacute;w identyfikacyjnych, adres&oacute;w<br>\nelektronicznych lub link&oacute;w zamieszczonych w Regulaminie;<br>\ng. przeciwdzia?anie nadu?yciom;<br>\nh. poprawa obs?ugi Klient&oacute;w;<br>\ni. zmiana procesu zawierania um&oacute;w za po?rednictwem Serwisu.<\/p>\n<p>2. Zmieniony Regulamin zostanie udost?pniony w Serwisie. O zmianie regulaminu<br>\nUs?ugodawca poinformuje poprzez komunikat w Serwisie.<br>\n3. Zmiany Regulaminu wchodz? w ?ycie w terminie wskazanym przez Us?ugodawc?, nie<br>\nkr&oacute;tszym ni? 14 dni od poinformowania o zmianie Regulaminu, chyba, ?e przepisy prawa<br>\npowszechnie obowi?zuj?cego stanowi? odmiennie.<br>\n4. Zmiana Regulaminu nie b?dzie mie? wp?ywu na zawarte Umowy najmu. W<br>\nkonsekwencji, do Umowy najmu zawartej mi?dzy Us?ugodawc? a Us?ugobiorc? maj?<br>\nzastosowanie postanowienia Regulaminu w wersji obowi?zuj?cej w dniu zawarcia<br>\nUmowy najmu.<br>\n5. W sprawach nieuregulowanych w niniejszym Regulaminie maj? zastosowanie<br>\npowszechnie obowi?zuj?ce przepisy prawa polskiego.<br>\n6. Prawem w?a?ciwym w stosunku do Regulaminu jest prawo polskie.<br>\n7. Sprzedawca szanuje i dba o prawa i bezpiecze?stwo danych przekazanych przez<br>\nUs?ugobiorcy. Zasady zachowania prywatno?ci Us?ugobiorcy oraz ochrony jego danych<br>\nosobowych zosta?y szczeg&oacute;?owo opisane w Polityce Prywatno?ci dost?pnej pod<br>\nadresem: https:\/\/www.chillinn.pl\/polityka-prywatnosci\/.<\/p>\n<\/div>\n\t\t\t\t<\/div>\n\t\t\t\t<\/div>\n\t\t\t\t\t<\/div>\n\t\t<\/div>\n\t\t\t\t\t\t\t<\/div>\n\t\t<\/section>\n\t\t\t\t\t\t<\/div>\n\t\t\t\t\t<\/div>","protected":false},"excerpt":{"rendered":"","protected":false},"author":1,"featured_media":0,"parent":0,"menu_order":0,"comment_status":"closed","ping_status":"closed","template":"","meta":[],"yoast_head":"<!-- This site is optimized with the Yoast SEO plugin v16.6.1 - https:\/\/yoast.com\/wordpress\/plugins\/seo\/ -->\n<title>Regulamin \u015bwiadczenia us\u0142ug drog\u0105 elektroniczn\u0105 - Chill Inn - Nowy Akademik Premium w centrum \u0141odzi<\/title>\n<meta name=\"robots\" content=\"index, follow, max-snippet:-1, max-image-preview:large, max-video-preview:-1\" \/>\n<link rel=\"canonical\" href=\"https:\/\/www.chillinn.pl\/en\/regulamin-chill-inn\/\" \/>\n<meta property=\"og:locale\" content=\"en_US\" \/>\n<meta property=\"og:type\" content=\"article\" \/>\n<meta property=\"og:title\" content=\"Regulamin \u015bwiadczenia us\u0142ug drog\u0105 elektroniczn\u0105 - Chill Inn - Nowy Akademik Premium w centrum \u0141odzi\" \/>\n<meta property=\"og:url\" content=\"https:\/\/www.chillinn.pl\/en\/regulamin-chill-inn\/\" \/>\n<meta property=\"og:site_name\" content=\"Chill Inn - Nowy Akademik Premium w centrum \u0141odzi\" \/>\n<meta property=\"article:modified_time\" content=\"2021-07-21T09:31:33+00:00\" \/>\n<meta name=\"twitter:card\" content=\"summary_large_image\" \/>\n<meta name=\"twitter:label1\" content=\"Est. reading time\" \/>\n\t<meta name=\"twitter:data1\" content=\"6 minutes\" \/>\n<script type=\"application\/ld+json\" class=\"yoast-schema-graph\">{\"@context\":\"https:\/\/schema.org\",\"@graph\":[{\"@type\":\"WebSite\",\"@id\":\"https:\/\/www.chillinn.pl\/#website\",\"url\":\"https:\/\/www.chillinn.pl\/\",\"name\":\"Chill Inn - Nowy Akademik Premium w centrum \\u0141odzi\",\"description\":\"Zamieszkaj w centrum \\u017cycia towarzyskiego\",\"potentialAction\":[{\"@type\":\"SearchAction\",\"target\":{\"@type\":\"EntryPoint\",\"urlTemplate\":\"https:\/\/www.chillinn.pl\/?s={search_term_string}\"},\"query-input\":\"required name=search_term_string\"}],\"inLanguage\":\"en-US\"},{\"@type\":\"WebPage\",\"@id\":\"https:\/\/www.chillinn.pl\/regulamin-chill-inn\/#webpage\",\"url\":\"https:\/\/www.chillinn.pl\/regulamin-chill-inn\/\",\"name\":\"Regulamin \\u015bwiadczenia us\\u0142ug drog\\u0105 elektroniczn\\u0105 - Chill Inn - Nowy Akademik Premium w centrum \\u0141odzi\",\"isPartOf\":{\"@id\":\"https:\/\/www.chillinn.pl\/#website\"},\"datePublished\":\"2021-06-30T17:01:10+00:00\",\"dateModified\":\"2021-07-21T09:31:33+00:00\",\"breadcrumb\":{\"@id\":\"https:\/\/www.chillinn.pl\/regulamin-chill-inn\/#breadcrumb\"},\"inLanguage\":\"en-US\",\"potentialAction\":[{\"@type\":\"ReadAction\",\"target\":[\"https:\/\/www.chillinn.pl\/regulamin-chill-inn\/\"]}]},{\"@type\":\"BreadcrumbList\",\"@id\":\"https:\/\/www.chillinn.pl\/regulamin-chill-inn\/#breadcrumb\",\"itemListElement\":[{\"@type\":\"ListItem\",\"position\":1,\"name\":\"Strona g\\u0142\\u00f3wna\",\"item\":\"https:\/\/www.chillinn.pl\/\"},{\"@type\":\"ListItem\",\"position\":2,\"name\":\"Regulamin \\u015bwiadczenia us\\u0142ug drog\\u0105 elektroniczn\\u0105\"}]}]}<\/script>\n<!-- \/ Yoast SEO plugin. -->","_links":{"self":[{"href":"https:\/\/www.chillinn.pl\/en\/wp-json\/wp\/v2\/pages\/707"}],"collection":[{"href":"https:\/\/www.chillinn.pl\/en\/wp-json\/wp\/v2\/pages"}],"about":[{"href":"https:\/\/www.chillinn.pl\/en\/wp-json\/wp\/v2\/types\/page"}],"author":[{"embeddable":true,"href":"https:\/\/www.chillinn.pl\/en\/wp-json\/wp\/v2\/users\/1"}],"replies":[{"embeddable":true,"href":"https:\/\/www.chillinn.pl\/en\/wp-json\/wp\/v2\/comments?post=707"}],"version-history":[{"count":6,"href":"https:\/\/www.chillinn.pl\/en\/wp-json\/wp\/v2\/pages\/707\/revisions"}],"predecessor-version":[{"id":859,"href":"https:\/\/www.chillinn.pl\/en\/wp-json\/wp\/v2\/pages\/707\/revisions\/859"}],"wp:attachment":[{"href":"https:\/\/www.chillinn.pl\/en\/wp-json\/wp\/v2\/media?parent=707"}],"curies":[{"name":"wp","href":"https:\/\/api.w.org\/{rel}","templated":true}]}}